{"id":1345,"date":"2026-01-09T18:38:26","date_gmt":"2026-01-09T18:38:26","guid":{"rendered":"https:\/\/gonzaphotography.es\/?page_id=1345"},"modified":"2026-02-09T08:01:12","modified_gmt":"2026-02-09T08:01:12","slug":"taller","status":"publish","type":"page","link":"https:\/\/gonzaphotography.com\/en\/taller\/","title":{"rendered":"STUDIO"},"content":{"rendered":"<p>&nbsp;&nbsp;&nbsp;&nbsp;&nbsp;&nbsp;&nbsp;<\/p>\n\n\n\n<div class=\"wp-block-cover alignwide is-light fondo-collage\"><img loading=\"lazy\" decoding=\"async\" width=\"2560\" height=\"1086\" class=\"wp-block-cover__image-background wp-image-1883 size-full\" alt=\"\" src=\"http:\/\/gonzaphotography.com\/wp-content\/uploads\/FONDO-scaled.jpg\" data-object-fit=\"cover\" srcset=\"https:\/\/gonzaphotography.com\/wp-content\/uploads\/FONDO-scaled.jpg 2560w, https:\/\/gonzaphotography.com\/wp-content\/uploads\/FONDO-300x127.jpg 300w, https:\/\/gonzaphotography.com\/wp-content\/uploads\/FONDO-150x64.jpg 150w, https:\/\/gonzaphotography.com\/wp-content\/uploads\/FONDO-768x326.jpg 768w, https:\/\/gonzaphotography.com\/wp-content\/uploads\/FONDO-1536x652.jpg 1536w, https:\/\/gonzaphotography.com\/wp-content\/uploads\/FONDO-2048x869.jpg 2048w, https:\/\/gonzaphotography.com\/wp-content\/uploads\/FONDO-1240x526.jpg 1240w, https:\/\/gonzaphotography.com\/wp-content\/uploads\/FONDO-508x216.jpg 508w\" sizes=\"auto, (max-width: 2560px) 100vw, 2560px\" \/><span aria-hidden=\"true\" class=\"wp-block-cover__background has-background-dim-20 has-background-dim\" style=\"background-color:#efeade\"><\/span><div class=\"wp-block-cover__inner-container is-layout-constrained wp-block-cover-is-layout-constrained\">\n<div class=\"wp-block-columns alignwide Columnas_Caratula_Serie is-layout-flex wp-container-core-columns-is-layout-9d6595d7 wp-block-columns-is-layout-flex\">\n<div class=\"wp-block-column is-layout-flow wp-block-column-is-layout-flow\" style=\"flex-basis:100%\">\n<h2 class=\"wp-block-heading has-text-align-center\">THE STUDIO: where the stone is hewn<\/h2>\n\n\n\n<p>In the journal I design the plan; in the studio I build the wall. This is where ideas cease to be a digital simulation and confront the resistance of matter. It is the moment when the pixel dies so that the paper can breathe. After the notes, the spotlights, and the sketches, only the physical print has the final word.<\/p>\n\n\n\n<p>Chipping away at stone is slow work. It's testing papers, inks, mats\u2026 It's discarding prints that might look good to others, but that keep me up at night. This is where thought becomes material, is numbered, and prepared to take its place in your world. It's one of the most beautiful phases, although sometimes obsession and perfectionism get out of hand and need to be managed.<\/p>\n<\/div>\n<\/div>\n<\/div><\/div>\n\n\n\n<div class=\"wp-block-columns is-layout-flex wp-container-core-columns-is-layout-9d6595d7 wp-block-columns-is-layout-flex\">\n<div class=\"wp-block-column is-vertically-aligned-center is-layout-flow wp-block-column-is-layout-flow\">\n<figure class=\"wp-block-image size-full\"><img loading=\"lazy\" decoding=\"async\" width=\"1856\" height=\"2304\" src=\"http:\/\/gonzaphotography.com\/wp-content\/uploads\/image-1.png\" alt=\"\" class=\"wp-image-1605\" srcset=\"https:\/\/gonzaphotography.com\/wp-content\/uploads\/image-1.png 1856w, https:\/\/gonzaphotography.com\/wp-content\/uploads\/image-1-242x300.png 242w, https:\/\/gonzaphotography.com\/wp-content\/uploads\/image-1-121x150.png 121w, https:\/\/gonzaphotography.com\/wp-content\/uploads\/image-1-768x953.png 768w, https:\/\/gonzaphotography.com\/wp-content\/uploads\/image-1-1237x1536.png 1237w, https:\/\/gonzaphotography.com\/wp-content\/uploads\/image-1-1650x2048.png 1650w, https:\/\/gonzaphotography.com\/wp-content\/uploads\/image-1-1240x1539.png 1240w, https:\/\/gonzaphotography.com\/wp-content\/uploads\/image-1-508x631.png 508w\" sizes=\"auto, (max-width: 1856px) 100vw, 1856px\" \/><\/figure>\n<\/div>\n\n\n\n<div class=\"wp-block-column is-layout-flow wp-block-column-is-layout-flow\">\n<h2 class=\"wp-block-heading\">The subject: Paper as the final decision<\/h2>\n\n\n\n<p class=\"textos-filosoficos\">The highest quality: I only work with premium papers (Hahnem\u00fchle or similar). It's not about luxury, it's about longevity. I want the piece you hang today to maintain its character and color for many years to come.<\/p>\n\n\n\n<p class=\"textos-filosoficos\">Absolute black: In philosophical photography, contrast is part of the message. The chiaroscuro and Rembrandt lighting I use require papers that absorb the ink so that the viewer feels drawn into the scene. As is often the case, only the finest papers meet these standards.<\/p>\n<\/div>\n<\/div>\n\n\n\n<h2 class=\"wp-block-heading\">THE PRICE OF HONESTY<\/h2>\n\n\n\n<p class=\"textos-filosoficos\">The art market often confuses value with price. We've been taught that for something to be \"Art\" with a capital A, it has to be scarce, extremely expensive, and hung on a white wall under the gaze of an expert who tells you how you should feel. I'm getting off that bandwagon.<\/p>\n\n\n\n<p class=\"textos-filosoficos\">My pieces are not posters. Each image belongs to a limited and completely sealed edition. The copies are certified, numbered, and hand-signed by me. Once the edition is sold out, the stone is broken: there will be no more. I don't seek exclusivity for status, but out of respect for the material and for those who choose to live with it. I have decided to set a single, accessible price (\u20ac125) because my goal is not to speculate on exclusivity, but to democratize critical thinking.<\/p>\n\n\n\n<h3 class=\"wp-block-heading has-text-align-center textos-filosoficos\">Why this system?<\/h3>\n\n\n\n<ul class=\"wp-block-list textos-filosoficos\">\n<li><strong>Without intermediaries:<\/strong> By selling directly from the studio, I eliminate the \"gallery tax.\" You don't pay for rent in a trendy neighborhood or the champagne at the opening. You pay for the paper, the ink, the artist's time, and, above all, the idea.<\/li>\n\n\n\n<li><strong>Editions of 100:<\/strong> It's the perfect balance. There are enough copies for the work to reach anyone who feels moved by it, but they are finite to guarantee that you own something special.<\/li>\n<\/ul>\n\n\n\n<p class=\"textos-filosoficos\">Acquiring one of these prints isn't the end of a transaction, but the beginning of a dialogue. I'm taking the work off my hard drive and putting it in your living room because philosophy shouldn't gather dust in an archive, but spark conversations in real life.<\/p>\n\n\n<div class=\"wp-block-image\">\n<figure class=\"aligncenter size-full is-resized\"><a href=\"https:\/\/gonzaphotography.com\/en\/\"><img loading=\"lazy\" decoding=\"async\" width=\"1024\" height=\"683\" src=\"http:\/\/gonzaphotography.com\/wp-content\/uploads\/Logo-Obra.png\" alt=\"\" class=\"wp-image-1917\" style=\"width:296px\" srcset=\"https:\/\/gonzaphotography.com\/wp-content\/uploads\/Logo-Obra.png 1024w, https:\/\/gonzaphotography.com\/wp-content\/uploads\/Logo-Obra-300x200.png 300w, https:\/\/gonzaphotography.com\/wp-content\/uploads\/Logo-Obra-150x100.png 150w, https:\/\/gonzaphotography.com\/wp-content\/uploads\/Logo-Obra-768x512.png 768w, https:\/\/gonzaphotography.com\/wp-content\/uploads\/Logo-Obra-508x339.png 508w\" sizes=\"auto, (max-width: 1024px) 100vw, 1024px\" \/><\/a><\/figure>\n<\/div>\n\n\n<p class=\"textos-filosoficos\"><\/p>","protected":false},"excerpt":{"rendered":"<p>&nbsp;&nbsp;&nbsp;&nbsp;&nbsp;&nbsp;&nbsp; La materia: El papel como decisi\u00f3n final La mas alta calidad: Solo trabajo con papeles premium (Hahnem\u00fchle o similares). No es por lujo, es por permanencia. Quiero que la pieza que cuelgas hoy mantenga su intenci\u00f3n y su color durante muchos a\u00f1os. El negro absoluto: En la fotograf\u00eda filos\u00f3fica, el contraste es parte del [&hellip;]<\/p>\n","protected":false},"author":1,"featured_media":0,"parent":0,"menu_order":0,"comment_status":"closed","ping_status":"closed","template":"","meta":{"footnotes":""},"class_list":["post-1345","page","type-page","status-publish","hentry"],"_links":{"self":[{"href":"https:\/\/gonzaphotography.com\/en\/wp-json\/wp\/v2\/pages\/1345","targetHints":{"allow":["GET"]}}],"collection":[{"href":"https:\/\/gonzaphotography.com\/en\/wp-json\/wp\/v2\/pages"}],"about":[{"href":"https:\/\/gonzaphotography.com\/en\/wp-json\/wp\/v2\/types\/page"}],"author":[{"embeddable":true,"href":"https:\/\/gonzaphotography.com\/en\/wp-json\/wp\/v2\/users\/1"}],"replies":[{"embeddable":true,"href":"https:\/\/gonzaphotography.com\/en\/wp-json\/wp\/v2\/comments?post=1345"}],"version-history":[{"count":37,"href":"https:\/\/gonzaphotography.com\/en\/wp-json\/wp\/v2\/pages\/1345\/revisions"}],"predecessor-version":[{"id":2329,"href":"https:\/\/gonzaphotography.com\/en\/wp-json\/wp\/v2\/pages\/1345\/revisions\/2329"}],"wp:attachment":[{"href":"https:\/\/gonzaphotography.com\/en\/wp-json\/wp\/v2\/media?parent=1345"}],"curies":[{"name":"wp","href":"https:\/\/api.w.org\/{rel}","templated":true}]}}