{"id":1785,"date":"2026-01-19T11:51:34","date_gmt":"2026-01-19T11:51:34","guid":{"rendered":"https:\/\/gonzaphotography.com\/?page_id=1785"},"modified":"2026-02-11T08:28:18","modified_gmt":"2026-02-11T08:28:18","slug":"mientras-dormias-arthorius","status":"publish","type":"page","link":"https:\/\/gonzaphotography.com\/en\/mientras-dormias-arthorius\/","title":{"rendered":"ARTHORIUS"},"content":{"rendered":"\n<div class=\"wp-block-cover alignwide is-light fondo-collage\"><img loading=\"lazy\" decoding=\"async\" width=\"2560\" height=\"1086\" class=\"wp-block-cover__image-background wp-image-1519 size-full\" alt=\"\" src=\"http:\/\/gonzaphotography.es\/wp-content\/uploads\/Fondo-transparente-scaled.png\" data-object-fit=\"cover\" srcset=\"https:\/\/gonzaphotography.com\/wp-content\/uploads\/Fondo-transparente-scaled.png 2560w, https:\/\/gonzaphotography.com\/wp-content\/uploads\/Fondo-transparente-300x127.png 300w, https:\/\/gonzaphotography.com\/wp-content\/uploads\/Fondo-transparente-150x64.png 150w, https:\/\/gonzaphotography.com\/wp-content\/uploads\/Fondo-transparente-768x326.png 768w, https:\/\/gonzaphotography.com\/wp-content\/uploads\/Fondo-transparente-1536x652.png 1536w, https:\/\/gonzaphotography.com\/wp-content\/uploads\/Fondo-transparente-2048x869.png 2048w, https:\/\/gonzaphotography.com\/wp-content\/uploads\/Fondo-transparente-1240x526.png 1240w, https:\/\/gonzaphotography.com\/wp-content\/uploads\/Fondo-transparente-508x216.png 508w\" sizes=\"auto, (max-width: 2560px) 100vw, 2560px\" \/><span aria-hidden=\"true\" class=\"wp-block-cover__background has-white-background-color has-background-dim-0 has-background-dim\"><\/span><div class=\"wp-block-cover__inner-container is-layout-constrained wp-block-cover-is-layout-constrained\">\n<div class=\"wp-block-columns alignwide Columnas_Caratula_Serie is-layout-flex wp-container-core-columns-is-layout-9d6595d7 wp-block-columns-is-layout-flex\">\n<div class=\"wp-block-column is-layout-flow wp-block-column-is-layout-flow\" style=\"flex-basis:60%\">\n<figure class=\"wp-block-image size-full\"><img loading=\"lazy\" decoding=\"async\" width=\"1678\" height=\"2098\" src=\"http:\/\/gonzaphotography.com\/wp-content\/uploads\/ARTHORIUS.jpg\" alt=\"\" class=\"wp-image-1411\" srcset=\"https:\/\/gonzaphotography.com\/wp-content\/uploads\/ARTHORIUS.jpg 1678w, https:\/\/gonzaphotography.com\/wp-content\/uploads\/ARTHORIUS-240x300.jpg 240w, https:\/\/gonzaphotography.com\/wp-content\/uploads\/ARTHORIUS-120x150.jpg 120w, https:\/\/gonzaphotography.com\/wp-content\/uploads\/ARTHORIUS-768x960.jpg 768w, https:\/\/gonzaphotography.com\/wp-content\/uploads\/ARTHORIUS-1229x1536.jpg 1229w, https:\/\/gonzaphotography.com\/wp-content\/uploads\/ARTHORIUS-1638x2048.jpg 1638w, https:\/\/gonzaphotography.com\/wp-content\/uploads\/ARTHORIUS-1240x1550.jpg 1240w, https:\/\/gonzaphotography.com\/wp-content\/uploads\/ARTHORIUS-508x635.jpg 508w\" sizes=\"auto, (max-width: 1678px) 100vw, 1678px\" \/><\/figure>\n<\/div>\n\n\n\n<div class=\"wp-block-column is-vertically-aligned-center is-layout-flow wp-block-column-is-layout-flow\" style=\"flex-basis:40%\">\n<h2 class=\"wp-block-heading has-text-align-center\">ARTHORIUS<\/h2>\n\n\n\n<p class=\"has-text-align-center\">A\u00f1o 2024<\/p>\n\n\n\n<p>\u00a0\u00a0\u00a0\u00a0\u00a0<\/p>\n\n\n\n<p class=\"has-text-align-center\"><strong>EDICIONES LIMITADAS<\/strong><\/p>\n\n\n\n<p class=\"has-text-align-center .texto-espaciado\">100 Unidades 33 x 41 cm<\/p>\n\n\n\n<p>&nbsp;&nbsp;&nbsp;&nbsp;&nbsp;<\/p>\n\n\n\n<p class=\"has-text-align-center\"><strong>125\u20ac IVA y env\u00edo incluido*<\/strong><\/p>\n\n\n\n<div style=\"text-align: center; margin: 40px 0;\">\n    <a href=\"\/finalizar-compra\/?add-to-cart=2380\" style=\"\n        text-decoration: none !important;\n        font-family: 'Montserrat', sans-serif !important;\n        color: #ffffff !important;\n        background: #282C27 !important; \n        border: 1.5px solid #282C27 !important; \n        padding: 16px 45px !important;\n        font-size: 15px !important;\n        letter-spacing: 2.5px !important; \n        text-transform: uppercase !important;\n        font-weight: 700 !important;\n        cursor: pointer !important;\n        transition: all 0.3s ease !important;\n        display: inline-block !important;\n    \">Adquirir pieza<\/a>\n<\/div>\n\n<style>\n    \/* Efecto de inversi\u00f3n para feedback visual *\/\n    a[href*=\"add-to-cart\"]:hover {\n        background-color: transparent !important;\n        color: #282C27 !important;\n    }\n<\/style>\n<\/div>\n<\/div>\n<\/div><\/div>\n\n\n\n<p>A veces el descanso se convierte en un campo de batalla. Hay noches en las que el subconsciente decide que te toca salvar el mundo y te lanza a una gesta \u00e9pica sin haberlo pedido. Te despiertas con la sensaci\u00f3n de haber defendido una causa justa, convencido de que estabas en el lado correcto de la historia, aunque solo fuera dentro de tu cabeza.<\/p>\n\n\n\n<p>Sin embargo, el concepto de h\u00e9roe puede ser bastante tramposo. Casi siempre, la gloria de uno se construye sobre la derrota de otro. Lo que nosotros vivimos como un acto de valent\u00eda o una victoria necesaria puede ser visto, desde la otra acera, como una agresi\u00f3n o una soberbia absoluta. La diferencia entre ser un libertador o un tirano no suele estar en lo que haces, sino en el lugar donde se sit\u00fae el que cuenta la historia.<\/p>\n\n\n\n<p>\u00bfEs posible defender algo con u\u00f1as y dientes sin convertir a alguien m\u00e1s en el malo de la pel\u00edcula? \u00bfHasta qu\u00e9 punto nuestra necesidad de tener raz\u00f3n nos transforma en el villano de una historia ajena? Es una duda que suele desvanecerse en cuanto te quitas el pijama, pero que sigue ah\u00ed fuera cuando te vistes de paisano.<\/p>\n\n\n\n<p>Est\u00e1 claro que Gonza ha pasado la noche librando conflictos morales de alta intensidad; le ha costado lo suyo elegir entre <em>Harry Potter<\/em> y <em>El Hobbit<\/em>\u2026<\/p>\n\n\n\n<p class=\"has-text-align-center\">&nbsp;&nbsp;&nbsp;&nbsp;<\/p>\n\n\n\n<p class=\"has-text-align-center\"><\/p>\n\n\n\n<p class=\"has-text-align-center\">&nbsp;&nbsp;&nbsp;&nbsp;&nbsp;&nbsp;&nbsp;<\/p>\n\n\n\n<details class=\"wp-block-details .seccion-tecnica is-layout-flow wp-block-details-is-layout-flow\"><summary>INFORMACI\u00d3N T\u00c9CNICA Y COMPROMISO DE EDICI\u00d3N<\/summary>\n<p class=\"seccion-tecnica\">Si has decidido adquirir una unidad de <em>Arthorius<\/em>, has hecho una excelente elecci\u00f3n. No est\u00e1s invirtiendo en una fotograf\u00eda m\u00e1s: <strong>no vendo l\u00e1minas de cat\u00e1logo<\/strong>. Mientras una gran superficie imprime 100.000 copias de una imagen vac\u00eda para cualquier sala de espera, yo limito este ensayo a unos pocos interlocutores. Es la diferencia entre decorar una pared y dotarla de una identidad que solo peque\u00f1o grupo de personas comparten.<br><br><strong>\u00bfPor qu\u00e9 una edici\u00f3n tan peque\u00f1a?<\/strong><\/p>\n\n\n\n<ul class=\"wp-block-list seccion-tecnica\">\n<li class=\"seccion-tecnica\"><strong>Garant\u00eda de Taller:<\/strong> Limitar la serie me permite certificar personalmente que cada fibra de algod\u00f3n y cada gota de tinta est\u00e1n exactamente donde deben estar.<\/li>\n\n\n\n<li class=\"seccion-tecnica\"><strong>Finitud:<\/strong> Al igual que una conversaci\u00f3n honesta no puede tener mil participantes a la vez sin perderse, estas piezas est\u00e1n limitadas para que el di\u00e1logo entre el papel y quien lo mira sea \u00edntimo. No queremos banalizar ideas que han llevado a\u00f1os de estudio como si fueran un producto de merchandising.<\/li>\n<\/ul>\n\n\n\n<p class=\"seccion-tecnica\"><strong>Est\u00e1ndar de exhibici\u00f3n<\/strong><\/p>\n\n\n\n<ul class=\"wp-block-list seccion-tecnica\">\n<li><strong>Papel:<\/strong> Solo utilizo los mejores papeles <strong>fotogr\u00e1ficos de exposici\u00f3n<\/strong>: Canson Baryta 310 g\/m\u00b2 y similares.<\/li>\n\n\n\n<li><strong>Autenticidad:<\/strong> Cada obra incluye <strong>certificado de autenticidad<\/strong> firmado a mano y un sistema de <strong>doble holograma void<\/strong> para garantizar la integridad de la copia.<\/li>\n<\/ul>\n\n\n\n<p><strong>Nota de archivo: <\/strong>Aparte de las 100 ediciones limitadas, hay 2 AP y 3 copias gran formato edici\u00f3n museo (proceso Gicl\u00e9e).<\/p>\n\n\n\n<p class=\"seccion-tecnica\"><strong>Nota de impresor<\/strong>: Aplico m\u00e1rgenes cl\u00e1sicos de museo (10% laterales\/superior y 20% inferior). La obra va firmada en el margen derecho, pero si prefieres que vaya firmada por detr\u00e1s o que no aparezca la firma, puedo ajustarlo: <strong>lo que importa es la idea.<\/strong><\/p>\n\n\n\n<p class=\"seccion-tecnica\"><strong>El env\u00edo<\/strong>: Soy deliberadamente exagerado en la protecci\u00f3n, personalmente me duele mucho que una pieza llegue deteriorada. Dentro del pack encontrar\u00e1s la obra envuelta en papel de seda libre de \u00e1cido, el certificado, una gu\u00eda de cuidados, guantes de algod\u00f3n y alguna otra sorpresa. Adem\u00e1s utilizo madera y cart\u00f3n reciclados con el m\u00ednimo pl\u00e1stico posible para que el embalaje sea amable con el medio ambiente.<\/p>\n\n\n\n<p>* Env\u00edo incluido en pen\u00ednsula y baleares. Otras zonas, se calcula autom\u00e1ticamente antes del pago.<\/p>\n\n\n\n<div style=\"text-align: center; margin: 40px 0;\">\n    <a href=\"\/finalizar-compra\/?add-to-cart=2380\" style=\"\n        text-decoration: none !important;\n        font-family: 'Montserrat', sans-serif !important;\n        color: #ffffff !important;\n        background: #282C27 !important; \n        border: 1.5px solid #282C27 !important; \n        padding: 16px 45px !important;\n        font-size: 15px !important;\n        letter-spacing: 2.5px !important; \n        text-transform: uppercase !important;\n        font-weight: 700 !important;\n        cursor: pointer !important;\n        transition: all 0.3s ease !important;\n        display: inline-block !important;\n    \">Adquirir pieza<\/a>\n<\/div>\n\n<style>\n    \/* Efecto de inversi\u00f3n para feedback visual *\/\n    a[href*=\"add-to-cart\"]:hover {\n        background-color: transparent !important;\n        color: #282C27 !important;\n    }\n<\/style>\n<\/details>\n\n\n\n<p>&nbsp;&nbsp;&nbsp;&nbsp;&nbsp;&nbsp;&nbsp;<\/p>\n\n\n\n<p class=\"has-text-align-center textos-filosoficos\">\u2190 <a href=\"https:\/\/gonzaphotography.com\/mientras-dormias-everest\/\" data-type=\"page\" data-id=\"1644\">ANTERIOR<\/a> &nbsp;&nbsp;&nbsp;&nbsp;&nbsp;&nbsp;&nbsp;\u00b7 &nbsp;&nbsp;&nbsp;&nbsp;&nbsp;&nbsp;&nbsp;<a href=\"https:\/\/gonzaphotography.com\/\" data-type=\"page\" data-id=\"504\">VOLVER A LAS SERIES<\/a> &nbsp;&nbsp;&nbsp;&nbsp;&nbsp;&nbsp;&nbsp;\u00b7 &nbsp;&nbsp;&nbsp;&nbsp;&nbsp;&nbsp;&nbsp;<a href=\"https:\/\/gonzaphotography.com\/el-fugitivo\/\" data-type=\"page\" data-id=\"1995\">SIGUIENTE<\/a> \u2192<\/p>\n\n\n\n<p><\/p>\n","protected":false},"excerpt":{"rendered":"<p>A veces el descanso se convierte en un campo de batalla. Hay noches en las que el subconsciente decide que te toca salvar el mundo y te lanza a una gesta \u00e9pica sin haberlo pedido. Te despiertas con la sensaci\u00f3n de haber defendido una causa justa, convencido de que estabas en el lado correcto de [&hellip;]<\/p>\n","protected":false},"author":1,"featured_media":0,"parent":0,"menu_order":0,"comment_status":"closed","ping_status":"closed","template":"","meta":{"footnotes":""},"class_list":["post-1785","page","type-page","status-publish","hentry"],"_links":{"self":[{"href":"https:\/\/gonzaphotography.com\/en\/wp-json\/wp\/v2\/pages\/1785","targetHints":{"allow":["GET"]}}],"collection":[{"href":"https:\/\/gonzaphotography.com\/en\/wp-json\/wp\/v2\/pages"}],"about":[{"href":"https:\/\/gonzaphotography.com\/en\/wp-json\/wp\/v2\/types\/page"}],"author":[{"embeddable":true,"href":"https:\/\/gonzaphotography.com\/en\/wp-json\/wp\/v2\/users\/1"}],"replies":[{"embeddable":true,"href":"https:\/\/gonzaphotography.com\/en\/wp-json\/wp\/v2\/comments?post=1785"}],"version-history":[{"count":26,"href":"https:\/\/gonzaphotography.com\/en\/wp-json\/wp\/v2\/pages\/1785\/revisions"}],"predecessor-version":[{"id":2389,"href":"https:\/\/gonzaphotography.com\/en\/wp-json\/wp\/v2\/pages\/1785\/revisions\/2389"}],"wp:attachment":[{"href":"https:\/\/gonzaphotography.com\/en\/wp-json\/wp\/v2\/media?parent=1785"}],"curies":[{"name":"wp","href":"https:\/\/api.w.org\/{rel}","templated":true}]}}