{"id":2151,"date":"2026-01-25T19:41:34","date_gmt":"2026-01-25T19:41:34","guid":{"rendered":"https:\/\/gonzaphotography.com\/?page_id=2151"},"modified":"2026-04-08T09:42:52","modified_gmt":"2026-04-08T09:42:52","slug":"la-hipoteca","status":"publish","type":"page","link":"https:\/\/gonzaphotography.com\/en\/la-hipoteca\/","title":{"rendered":"THE MORTGAGE"},"content":{"rendered":"\n<div class=\"wp-block-cover alignwide is-light fondo-collage\"><img loading=\"lazy\" decoding=\"async\" width=\"2560\" height=\"1086\" class=\"wp-block-cover__image-background wp-image-1519 size-full\" alt=\"\" src=\"http:\/\/gonzaphotography.es\/wp-content\/uploads\/Fondo-transparente-scaled.png\" data-object-fit=\"cover\" srcset=\"https:\/\/gonzaphotography.com\/wp-content\/uploads\/Fondo-transparente-scaled.png 2560w, https:\/\/gonzaphotography.com\/wp-content\/uploads\/Fondo-transparente-300x127.png 300w, https:\/\/gonzaphotography.com\/wp-content\/uploads\/Fondo-transparente-150x64.png 150w, https:\/\/gonzaphotography.com\/wp-content\/uploads\/Fondo-transparente-768x326.png 768w, https:\/\/gonzaphotography.com\/wp-content\/uploads\/Fondo-transparente-1536x652.png 1536w, https:\/\/gonzaphotography.com\/wp-content\/uploads\/Fondo-transparente-2048x869.png 2048w, https:\/\/gonzaphotography.com\/wp-content\/uploads\/Fondo-transparente-1240x526.png 1240w, https:\/\/gonzaphotography.com\/wp-content\/uploads\/Fondo-transparente-508x216.png 508w\" sizes=\"auto, (max-width: 2560px) 100vw, 2560px\" \/><span aria-hidden=\"true\" class=\"wp-block-cover__background has-white-background-color has-background-dim-0 has-background-dim\"><\/span><div class=\"wp-block-cover__inner-container is-layout-constrained wp-block-cover-is-layout-constrained\">\n<div class=\"wp-block-columns alignwide Columnas_Caratula_Serie is-layout-flex wp-container-core-columns-is-layout-9d6595d7 wp-block-columns-is-layout-flex\">\n<div class=\"wp-block-column is-layout-flow wp-block-column-is-layout-flow\" style=\"flex-basis:60%\">\n<figure class=\"wp-block-image size-full\"><a href=\"http:\/\/gonzaphotography.com\/wp-content\/uploads\/La-hipoteca.jpg\" data-lbwps-width=\"1920\" data-lbwps-height=\"1404\" data-lbwps-srcsmall=\"http:\/\/gonzaphotography.com\/wp-content\/uploads\/La-hipoteca.jpg\"><img decoding=\"async\" src=\"http:\/\/gonzaphotography.com\/wp-content\/uploads\/La-hipoteca.jpg\" alt=\"\" class=\"wp-image-1957\"\/><\/a><\/figure>\n<\/div>\n\n\n\n<div class=\"wp-block-column is-vertically-aligned-center is-layout-flow wp-block-column-is-layout-flow\" style=\"flex-basis:40%\">\n<h2 class=\"wp-block-heading has-text-align-center\">LA HIPOTECA<\/h2>\n\n\n\n<p class=\"has-text-align-center\">A\u00f1o 2025<\/p>\n\n\n\n<p>&nbsp;&nbsp;&nbsp;&nbsp;&nbsp;<\/p>\n\n\n\n<p class=\"has-text-align-center\"><strong>EDICIONES LIMITADAS<\/strong><\/p>\n\n\n\n<p class=\"has-text-align-center .texto-espaciado\">100 Unidades 43 x 33 cm<\/p>\n\n\n\n<p>&nbsp;&nbsp;&nbsp;&nbsp;&nbsp;<\/p>\n\n\n\n<p class=\"has-text-align-center\"><strong>125\u20ac IVA y env\u00edo incluido*<\/strong><\/p>\n\n\n\n<div style=\"text-align: center; margin: 40px 0;\">\n    <a href=\"\/finalizar-compra\/?add-to-cart=2454\" style=\"\n        text-decoration: none !important;\n        font-family: 'Montserrat', sans-serif !important;\n        color: #ffffff !important;\n        background: #282C27 !important; \n        border: 1.5px solid #282C27 !important; \n        padding: 16px 45px !important;\n        font-size: 15px !important;\n        letter-spacing: 2.5px !important; \n        text-transform: uppercase !important;\n        font-weight: 700 !important;\n        cursor: pointer !important;\n        transition: all 0.3s ease !important;\n        display: inline-block !important;\n    \">Adquirir pieza<\/a>\n<\/div>\n\n<style>\n    \/* Efecto de inversi\u00f3n para feedback visual *\/\n    a[href*=\"add-to-cart\"]:hover {\n        background-color: transparent !important;\n        color: #282C27 !important;\n    }\n<\/style>\n<\/div>\n<\/div>\n<\/div><\/div>\n\n\n\n<p class=\"textos-filosoficos\">Por lo que se ve, Gonza se ha puesto el traje de las grandes ocasiones para ir al banco, aunque el papeleo se le ha ido un poco de las manos. Literalmente. Hay r\u00fabricas que no se borran ni con lej\u00eda, porque cuando el contrato exige algo m\u00e1s que tinta, la firma deja de ser un tr\u00e1mite para convertirse en una transfusi\u00f3n.<\/p>\n\n\n\n<p class=\"textos-filosoficos\">Es curioso c\u00f3mo nos empe\u00f1amos en llamar \u00abpropiedad\u00bb a lo que, a menudo, funciona m\u00e1s bien como una suscripci\u00f3n de por vida a un lastre invisible. Uno cree que est\u00e1 comprando cuatro paredes y un techo para protegerse de la intemperie, sin reparar en que el verdadero peso del contrato no se queda en el registro, sino que se asienta directamente sobre la nuca. \u00bfEs el hogar un refugio o la estructura que sostiene nuestra servidumbre m\u00e1s elegante?<\/p>\n\n\n\n<p class=\"textos-filosoficos\">Al final, todos pasamos por ese escritorio con la esperanza de que el sacrificio valga la pena. Aceptamos las condiciones del juego con una resignaci\u00f3n impecable, olvidando que, en este tipo de acuerdos, el precio real no se cuenta en monedas, sino en esa vitalidad que se queda pegada al pergamino antes de que se seque la herida.<\/p>\n\n\n\n<p class=\"has-text-align-center\">&nbsp;&nbsp;&nbsp;&nbsp;<\/p>\n\n\n\n<p class=\"has-text-align-center\"><\/p>\n\n\n\n<details class=\"wp-block-details .seccion-tecnica is-layout-flow wp-block-details-is-layout-flow\"><summary>INFORMACI\u00d3N T\u00c9CNICA Y COMPROMISO DE EDICI\u00d3N<\/summary>\n<p class=\"seccion-tecnica\">&nbsp;&nbsp;&nbsp;&nbsp;&nbsp;&nbsp;&nbsp;&nbsp;<\/p>\n\n\n\n<p class=\"seccion-tecnica\">Si has decidido adquirir una unidad de <em>La hipoteca<\/em>, has hecho una excelente elecci\u00f3n. No est\u00e1s invirtiendo en una fotograf\u00eda m\u00e1s: <strong>no vendo l\u00e1minas de cat\u00e1logo<\/strong>. Mientras una gran superficie imprime 100.000 copias de una imagen vac\u00eda para cualquier sala de espera, yo limito este ensayo a unos pocos interlocutores. Es la diferencia entre decorar una pared y dotarla de una identidad que solo peque\u00f1o grupo de personas comparten.<br><br><strong>\u00bfPor qu\u00e9 una edici\u00f3n tan peque\u00f1a?<\/strong><\/p>\n\n\n\n<ul class=\"wp-block-list seccion-tecnica\">\n<li class=\"seccion-tecnica\"><strong>Garant\u00eda de Taller:<\/strong> Limitar la serie me permite certificar personalmente que cada fibra de algod\u00f3n y cada gota de tinta est\u00e1n exactamente donde deben estar.<\/li>\n\n\n\n<li class=\"seccion-tecnica\"><strong>Finitud:<\/strong> Al igual que una conversaci\u00f3n honesta no puede tener mil participantes a la vez sin perderse, estas piezas est\u00e1n limitadas para que el di\u00e1logo entre el papel y quien lo mira sea \u00edntimo. No queremos banalizar ideas que han llevado a\u00f1os de estudio como si fueran un producto de merchandising.<\/li>\n<\/ul>\n\n\n\n<p class=\"seccion-tecnica\"><strong>Est\u00e1ndar de exhibici\u00f3n<\/strong><\/p>\n\n\n\n<ul class=\"wp-block-list seccion-tecnica\">\n<li><strong>Papel:<\/strong> Solo utilizo los mejores papeles <strong>fotogr\u00e1ficos de exposici\u00f3n<\/strong>: Canson Baryta 310 g\/m\u00b2 y similares.<\/li>\n\n\n\n<li><strong>Autenticidad:<\/strong> Cada obra incluye <strong>certificado de autenticidad<\/strong> firmado a mano y un sistema de <strong>doble holograma void<\/strong> para garantizar la integridad de la copia.<\/li>\n<\/ul>\n\n\n\n<p><strong>Nota de archivo: <\/strong>Aparte de las 100 ediciones limitadas, hay 2 AP y 3 copias gran formato edici\u00f3n museo (proceso Gicl\u00e9e).<\/p>\n\n\n\n<p class=\"seccion-tecnica\"><strong>Nota de impresor<\/strong>: Aplico m\u00e1rgenes cl\u00e1sicos de museo (10% laterales\/superior y 20% inferior). La obra va firmada en el margen derecho, pero si prefieres que vaya firmada por detr\u00e1s o que no aparezca la firma, puedo ajustarlo: <strong>lo que importa es la idea.<\/strong><\/p>\n\n\n\n<p class=\"seccion-tecnica\"><strong>El env\u00edo<\/strong>: Soy deliberadamente exagerado en la protecci\u00f3n, personalmente me duele mucho que una pieza llegue deteriorada. Dentro del pack encontrar\u00e1s la obra envuelta en papel de seda libre de \u00e1cido, el certificado, una gu\u00eda de cuidados, guantes de algod\u00f3n y alguna otra sorpresa. Adem\u00e1s utilizo madera y cart\u00f3n reciclados con el m\u00ednimo pl\u00e1stico posible para que el embalaje sea amable con el medio ambiente.<\/p>\n\n\n\n<p>* Env\u00edo incluido en pen\u00ednsula y baleares. Otras zonas, se calcula autom\u00e1ticamente antes del pago.<\/p>\n\n\n\n<div style=\"text-align: center; margin: 40px 0;\">\n    <a href=\"\/finalizar-compra\/?add-to-cart=2454\" style=\"\n        text-decoration: none !important;\n        font-family: 'Montserrat', sans-serif !important;\n        color: #ffffff !important;\n        background: #282C27 !important; \n        border: 1.5px solid #282C27 !important; \n        padding: 16px 45px !important;\n        font-size: 15px !important;\n        letter-spacing: 2.5px !important; \n        text-transform: uppercase !important;\n        font-weight: 700 !important;\n        cursor: pointer !important;\n        transition: all 0.3s ease !important;\n        display: inline-block !important;\n    \">Adquirir pieza<\/a>\n<\/div>\n\n<style>\n    \/* Efecto de inversi\u00f3n para feedback visual *\/\n    a[href*=\"add-to-cart\"]:hover {\n        background-color: transparent !important;\n        color: #282C27 !important;\n    }\n<\/style>\n<\/details>\n\n\n\n<p>&nbsp;&nbsp;&nbsp;&nbsp;&nbsp;&nbsp;&nbsp;<\/p>\n\n\n\n<p>&nbsp;&nbsp;&nbsp;&nbsp;&nbsp;&nbsp;&nbsp;<\/p>\n\n\n\n<p class=\"has-text-align-center textos-filosoficos\">\u2190 <a href=\"https:\/\/gonzaphotography.com\/crowdfunding-2\/\" data-type=\"page\" data-id=\"2521\">ANTERIOR<\/a> \u00a0\u00a0\u00a0\u00b7 \u00a0\u00a0\u00a0<a href=\"https:\/\/gonzaphotography.com\/\" data-type=\"page\" data-id=\"504\">SERIES<\/a> \u00a0\u00a0\u00a0\u00b7 \u00a0\u00a0\u00a0<a href=\"https:\/\/gonzaphotography.com\/el-desvan\/\" data-type=\"page\" data-id=\"1988\">SIGUIENTE<\/a> \u2192<\/p>\n\n\n\n<p><\/p>\n","protected":false},"excerpt":{"rendered":"<p>Por lo que se ve, Gonza se ha puesto el traje de las grandes ocasiones para ir al banco, aunque el papeleo se le ha ido un poco de las manos. Literalmente. Hay r\u00fabricas que no se borran ni con lej\u00eda, porque cuando el contrato exige algo m\u00e1s que tinta, la firma deja de ser [&hellip;]<\/p>\n","protected":false},"author":1,"featured_media":0,"parent":0,"menu_order":0,"comment_status":"closed","ping_status":"closed","template":"","meta":{"footnotes":""},"class_list":["post-2151","page","type-page","status-publish","hentry"],"_links":{"self":[{"href":"https:\/\/gonzaphotography.com\/en\/wp-json\/wp\/v2\/pages\/2151","targetHints":{"allow":["GET"]}}],"collection":[{"href":"https:\/\/gonzaphotography.com\/en\/wp-json\/wp\/v2\/pages"}],"about":[{"href":"https:\/\/gonzaphotography.com\/en\/wp-json\/wp\/v2\/types\/page"}],"author":[{"embeddable":true,"href":"https:\/\/gonzaphotography.com\/en\/wp-json\/wp\/v2\/users\/1"}],"replies":[{"embeddable":true,"href":"https:\/\/gonzaphotography.com\/en\/wp-json\/wp\/v2\/comments?post=2151"}],"version-history":[{"count":16,"href":"https:\/\/gonzaphotography.com\/en\/wp-json\/wp\/v2\/pages\/2151\/revisions"}],"predecessor-version":[{"id":2531,"href":"https:\/\/gonzaphotography.com\/en\/wp-json\/wp\/v2\/pages\/2151\/revisions\/2531"}],"wp:attachment":[{"href":"https:\/\/gonzaphotography.com\/en\/wp-json\/wp\/v2\/media?parent=2151"}],"curies":[{"name":"wp","href":"https:\/\/api.w.org\/{rel}","templated":true}]}}