{"id":2166,"date":"2026-01-26T18:32:52","date_gmt":"2026-01-26T18:32:52","guid":{"rendered":"https:\/\/gonzaphotography.com\/?page_id=2166"},"modified":"2026-01-26T18:43:54","modified_gmt":"2026-01-26T18:43:54","slug":"la-fuerza-del-amor","status":"publish","type":"page","link":"https:\/\/gonzaphotography.com\/en\/la-fuerza-del-amor\/","title":{"rendered":"THE POWER OF LOVE"},"content":{"rendered":"<p>&nbsp;&nbsp;&nbsp;&nbsp;&nbsp;&nbsp;&nbsp;<\/p>\n\n\n\n<div class=\"wp-block-cover alignwide is-light fondo-collage\"><img loading=\"lazy\" decoding=\"async\" width=\"2560\" height=\"1086\" class=\"wp-block-cover__image-background wp-image-2169 size-full\" alt=\"\" src=\"http:\/\/gonzaphotography.com\/wp-content\/uploads\/image-1-1-scaled.png\" data-object-fit=\"cover\" srcset=\"https:\/\/gonzaphotography.com\/wp-content\/uploads\/image-1-1-scaled.png 2560w, https:\/\/gonzaphotography.com\/wp-content\/uploads\/image-1-1-300x127.png 300w, https:\/\/gonzaphotography.com\/wp-content\/uploads\/image-1-1-150x64.png 150w, https:\/\/gonzaphotography.com\/wp-content\/uploads\/image-1-1-768x326.png 768w, https:\/\/gonzaphotography.com\/wp-content\/uploads\/image-1-1-1536x652.png 1536w, https:\/\/gonzaphotography.com\/wp-content\/uploads\/image-1-1-2048x869.png 2048w, https:\/\/gonzaphotography.com\/wp-content\/uploads\/image-1-1-1240x526.png 1240w, https:\/\/gonzaphotography.com\/wp-content\/uploads\/image-1-1-508x216.png 508w\" sizes=\"auto, (max-width: 2560px) 100vw, 2560px\" \/><span aria-hidden=\"true\" class=\"wp-block-cover__background has-background-dim-80 has-background-dim\" style=\"background-color:#d3babe\"><\/span><div class=\"wp-block-cover__inner-container is-layout-constrained wp-block-cover-is-layout-constrained\">\n<h2 class=\"wp-block-heading has-text-align-center has-text-color has-link-color wp-elements-fcd0fa0f2742034ea854651423c5a05f\" style=\"color:#282c27\">THE POWER OF LOVE<\/h2>\n\n\n\n<p class=\"has-text-align-left has-text-color has-link-color has-normal-font-size wp-elements-8089f635d4f7fbc551d025cca448aae4\" style=\"color:#3a3f39\">I have a feeling that Gonza's love life has been and will continue to be quite eventful. Whether he's been lucky or not, we don't know; you be the judge. What is clear, though, is that it hasn't been boring. What crazy situations await us with him?<\/p>\n\n\n\n<p class=\"has-text-align-left has-text-color has-link-color has-normal-font-size wp-elements-e57e09622ea35ce4d1583683d6b146c9\" style=\"color:#3a3f39\">The power of love addresses a classic theme in philosophical and human thought throughout history. Love, that force that defies all the laws of thermodynamics, capable of warming the coldest heart and freezing the most brilliant mind in a matter of seconds. We're not talking about postcard love or the happy ending of a Sunday afternoon movie, but about that primal, visceral energy that grabs you by the lapels and forces you to rethink who you are, what you want, and, above all, why on earth you're willing to lose your dignity over a WhatsApp message.<\/p>\n<\/div><\/div>\n\n\n\n<figure class=\"wp-block-image alignfull size-full\"><img loading=\"lazy\" decoding=\"async\" width=\"1920\" height=\"1404\" src=\"http:\/\/gonzaphotography.com\/wp-content\/uploads\/Hecho-de-acero.jpg\" alt=\"\" class=\"wp-image-2168\" srcset=\"https:\/\/gonzaphotography.com\/wp-content\/uploads\/Hecho-de-acero.jpg 1920w, https:\/\/gonzaphotography.com\/wp-content\/uploads\/Hecho-de-acero-300x219.jpg 300w, https:\/\/gonzaphotography.com\/wp-content\/uploads\/Hecho-de-acero-150x110.jpg 150w, https:\/\/gonzaphotography.com\/wp-content\/uploads\/Hecho-de-acero-768x562.jpg 768w, https:\/\/gonzaphotography.com\/wp-content\/uploads\/Hecho-de-acero-1536x1123.jpg 1536w, https:\/\/gonzaphotography.com\/wp-content\/uploads\/Hecho-de-acero-1240x907.jpg 1240w, https:\/\/gonzaphotography.com\/wp-content\/uploads\/Hecho-de-acero-508x371.jpg 508w\" sizes=\"auto, (max-width: 1920px) 100vw, 1920px\" \/><\/figure>\n\n\n\n<figure class=\"wp-block-image alignfull size-full\"><a href=\"http:\/\/gonzaphotography.com\/wp-content\/uploads\/A-que-el-techo-caiga-sobre-nuestras-cabezas.jpg\" data-lbwps-width=\"1920\" data-lbwps-height=\"1404\" data-lbwps-srcsmall=\"http:\/\/gonzaphotography.com\/wp-content\/uploads\/A-que-el-techo-caiga-sobre-nuestras-cabezas.jpg\"><img loading=\"lazy\" decoding=\"async\" width=\"1920\" height=\"1404\" src=\"http:\/\/gonzaphotography.com\/wp-content\/uploads\/A-que-el-techo-caiga-sobre-nuestras-cabezas.jpg\" alt=\"\" class=\"wp-image-2167\" srcset=\"https:\/\/gonzaphotography.com\/wp-content\/uploads\/A-que-el-techo-caiga-sobre-nuestras-cabezas.jpg 1920w, https:\/\/gonzaphotography.com\/wp-content\/uploads\/A-que-el-techo-caiga-sobre-nuestras-cabezas-300x219.jpg 300w, https:\/\/gonzaphotography.com\/wp-content\/uploads\/A-que-el-techo-caiga-sobre-nuestras-cabezas-150x110.jpg 150w, https:\/\/gonzaphotography.com\/wp-content\/uploads\/A-que-el-techo-caiga-sobre-nuestras-cabezas-768x562.jpg 768w, https:\/\/gonzaphotography.com\/wp-content\/uploads\/A-que-el-techo-caiga-sobre-nuestras-cabezas-1536x1123.jpg 1536w, https:\/\/gonzaphotography.com\/wp-content\/uploads\/A-que-el-techo-caiga-sobre-nuestras-cabezas-1240x907.jpg 1240w, https:\/\/gonzaphotography.com\/wp-content\/uploads\/A-que-el-techo-caiga-sobre-nuestras-cabezas-508x371.jpg 508w\" sizes=\"auto, (max-width: 1920px) 100vw, 1920px\" \/><\/a><\/figure>\n\n\n\n<p>Through Gonza, we will explore that constant tension between romantic idealization and the awkwardness of reality. Because, let's be honest, philosophically, love can be the search for the lost unity that Plato spoke of, but in practice, it's often more like trying to assemble a Swedish piece of furniture without instructions: there are too many pieces, not enough screws, and in the end, you don't know if what you've built will hold or collapse at the first sign of trouble. Gonza is the mirror of that vulnerability, the tightrope walker who walks the tightrope of emotions without a safety net.<\/p>\n\n\n\n<p>This series isn't trying to teach moral lessons or sell magic formulas for finding your soulmate\u2014a rather questionable concept, by the way, that implies we're born incomplete. What we're aiming for is to focus on how this \"force\" strips us of our cynical armor and throws us into a scenario where logic and reason conveniently tend to stay waiting in the lobby. <em>Is love a cultural construct, a biological imperative, or simply a shared madness necessary to endure existence?<\/em><br><br>Prepare yourself, because if you thought other series in the series were treacherous, the heart of Gonza is a minefield where every step can be either an absolute disaster or an epic victory. Welcome to the most beautiful and destructive chaos in the world.<\/p>","protected":false},"excerpt":{"rendered":"<p>&nbsp;&nbsp;&nbsp;&nbsp;&nbsp;&nbsp;&nbsp; A trav\u00e9s de Gonza, exploraremos esa tensi\u00f3n constante entre la idealizaci\u00f3n rom\u00e1ntica y la torpeza de la realidad. Porque, seamos honestos, filos\u00f3ficamente el amor puede ser la b\u00fasqueda de la unidad perdida que dec\u00eda Plat\u00f3n, pero en la pr\u00e1ctica suele parecerse m\u00e1s a intentar montar un mueble sueco sin instrucciones: sobran piezas, faltan tornillos [&hellip;]<\/p>\n","protected":false},"author":1,"featured_media":0,"parent":0,"menu_order":0,"comment_status":"closed","ping_status":"closed","template":"","meta":{"footnotes":""},"class_list":["post-2166","page","type-page","status-publish","hentry"],"_links":{"self":[{"href":"https:\/\/gonzaphotography.com\/en\/wp-json\/wp\/v2\/pages\/2166","targetHints":{"allow":["GET"]}}],"collection":[{"href":"https:\/\/gonzaphotography.com\/en\/wp-json\/wp\/v2\/pages"}],"about":[{"href":"https:\/\/gonzaphotography.com\/en\/wp-json\/wp\/v2\/types\/page"}],"author":[{"embeddable":true,"href":"https:\/\/gonzaphotography.com\/en\/wp-json\/wp\/v2\/users\/1"}],"replies":[{"embeddable":true,"href":"https:\/\/gonzaphotography.com\/en\/wp-json\/wp\/v2\/comments?post=2166"}],"version-history":[{"count":5,"href":"https:\/\/gonzaphotography.com\/en\/wp-json\/wp\/v2\/pages\/2166\/revisions"}],"predecessor-version":[{"id":2176,"href":"https:\/\/gonzaphotography.com\/en\/wp-json\/wp\/v2\/pages\/2166\/revisions\/2176"}],"wp:attachment":[{"href":"https:\/\/gonzaphotography.com\/en\/wp-json\/wp\/v2\/media?parent=2166"}],"curies":[{"name":"wp","href":"https:\/\/api.w.org\/{rel}","templated":true}]}}