{"id":2179,"date":"2026-01-26T18:54:59","date_gmt":"2026-01-26T18:54:59","guid":{"rendered":"https:\/\/gonzaphotography.com\/?page_id=2179"},"modified":"2026-01-26T19:13:34","modified_gmt":"2026-01-26T19:13:34","slug":"vocaciones","status":"publish","type":"page","link":"https:\/\/gonzaphotography.com\/en\/vocaciones\/","title":{"rendered":"VOCATIONS"},"content":{"rendered":"<p>&nbsp;&nbsp;&nbsp;&nbsp;&nbsp;&nbsp;&nbsp;<\/p>\n\n\n\n<div class=\"wp-block-cover alignwide is-light fondo-collage\"><img loading=\"lazy\" decoding=\"async\" width=\"2560\" height=\"1086\" class=\"wp-block-cover__image-background wp-image-2180 size-full\" alt=\"\" src=\"http:\/\/gonzaphotography.com\/wp-content\/uploads\/image-2-scaled.png\" data-object-fit=\"cover\" srcset=\"https:\/\/gonzaphotography.com\/wp-content\/uploads\/image-2-scaled.png 2560w, https:\/\/gonzaphotography.com\/wp-content\/uploads\/image-2-300x127.png 300w, https:\/\/gonzaphotography.com\/wp-content\/uploads\/image-2-150x64.png 150w, https:\/\/gonzaphotography.com\/wp-content\/uploads\/image-2-768x326.png 768w, https:\/\/gonzaphotography.com\/wp-content\/uploads\/image-2-1536x652.png 1536w, https:\/\/gonzaphotography.com\/wp-content\/uploads\/image-2-2048x869.png 2048w, https:\/\/gonzaphotography.com\/wp-content\/uploads\/image-2-1240x526.png 1240w, https:\/\/gonzaphotography.com\/wp-content\/uploads\/image-2-508x216.png 508w\" sizes=\"auto, (max-width: 2560px) 100vw, 2560px\" \/><span aria-hidden=\"true\" class=\"wp-block-cover__background has-background-dim-90 has-background-dim\" style=\"background-color:#fbf9f5\"><\/span><div class=\"wp-block-cover__inner-container is-layout-constrained wp-block-cover-is-layout-constrained\">\n<h2 class=\"wp-block-heading has-text-align-center has-text-color has-link-color wp-elements-4a63f83419bba22903b1d4235ceacd6d\" style=\"color:#282c27\">VOCATIONS<\/h2>\n\n\n\n<p class=\"has-text-align-left has-text-color has-link-color has-normal-font-size wp-elements-fb790aed41802df2a4fd007866c69421\" style=\"color:#3a3f39\">They say work dignifies, although sometimes all it manages to do is leave our backs aching and our patience wearing thin. In this series, Gonza dons a wide variety of uniforms, from traditional trades that smell of sawdust and hard work, to professions as outlandish\u2014literally\u2014as astronaut. Because let's be honest: we spend a third of our lives clocking in and out, so denying that our professional life is a fundamental pillar of our identity would be fooling ourselves.<\/p>\n\n\n\n<p class=\"has-text-align-left has-text-color has-link-color has-normal-font-size wp-elements-2575db08299f1125c80419b705821d17\" style=\"color:#3a3f39\">Here we serve up the hot and unfiltered debate: <em>Is it better to do what you are passionate about, or to learn to be passionate about what you do?<\/em> We've been sold the romantic mantra of \"find a job you love and you'll never work a day in your life,\" a phrase that looks nice on a mug, but often clashes head-on with the reality of the bills. Is vocation a divine calling felt deep in the gut, or a pragmatic construct built to find meaning in routine? Perhaps true mastery lies not in the position you hold, but in the dignity with which you perform your role and the love with which you do it.<\/p>\n<\/div><\/div>\n\n\n\n<figure class=\"wp-block-image alignfull size-full\"><img loading=\"lazy\" decoding=\"async\" width=\"1920\" height=\"1404\" src=\"http:\/\/gonzaphotography.com\/wp-content\/uploads\/El-escritor.jpg\" alt=\"\" class=\"wp-image-2182\" srcset=\"https:\/\/gonzaphotography.com\/wp-content\/uploads\/El-escritor.jpg 1920w, https:\/\/gonzaphotography.com\/wp-content\/uploads\/El-escritor-300x219.jpg 300w, https:\/\/gonzaphotography.com\/wp-content\/uploads\/El-escritor-150x110.jpg 150w, https:\/\/gonzaphotography.com\/wp-content\/uploads\/El-escritor-768x562.jpg 768w, https:\/\/gonzaphotography.com\/wp-content\/uploads\/El-escritor-1536x1123.jpg 1536w, https:\/\/gonzaphotography.com\/wp-content\/uploads\/El-escritor-1240x907.jpg 1240w, https:\/\/gonzaphotography.com\/wp-content\/uploads\/El-escritor-508x371.jpg 508w\" sizes=\"auto, (max-width: 1920px) 100vw, 1920px\" \/><\/figure>\n\n\n\n<figure class=\"wp-block-image alignfull size-full\"><a href=\"http:\/\/gonzaphotography.com\/wp-content\/uploads\/El-informatico.jpg\" data-lbwps-width=\"1920\" data-lbwps-height=\"1404\" data-lbwps-srcsmall=\"http:\/\/gonzaphotography.com\/wp-content\/uploads\/El-informatico.jpg\"><img loading=\"lazy\" decoding=\"async\" width=\"1920\" height=\"1404\" src=\"http:\/\/gonzaphotography.com\/wp-content\/uploads\/El-informatico.jpg\" alt=\"\" class=\"wp-image-2181\" srcset=\"https:\/\/gonzaphotography.com\/wp-content\/uploads\/El-informatico.jpg 1920w, https:\/\/gonzaphotography.com\/wp-content\/uploads\/El-informatico-300x219.jpg 300w, https:\/\/gonzaphotography.com\/wp-content\/uploads\/El-informatico-150x110.jpg 150w, https:\/\/gonzaphotography.com\/wp-content\/uploads\/El-informatico-768x562.jpg 768w, https:\/\/gonzaphotography.com\/wp-content\/uploads\/El-informatico-1536x1123.jpg 1536w, https:\/\/gonzaphotography.com\/wp-content\/uploads\/El-informatico-1240x907.jpg 1240w, https:\/\/gonzaphotography.com\/wp-content\/uploads\/El-informatico-508x371.jpg 508w\" sizes=\"auto, (max-width: 1920px) 100vw, 1920px\" \/><\/a><\/figure>\n\n\n\n<p>This collection explores how our professional image defines us in the public eye. The moment we're introduced to someone, the second question is always, \"So, what do you do?\", as if our human worth were measured by the answer. Gonza, with his characteristic irony, shows us that behind the suit, the blue jumpsuit, or the diving suit, the same person still lives, full of insecurities, dreams, and a longing for Friday. Our profession becomes so intertwined with our lives that we sometimes forget where the professional persona ends and the human being begins.<\/p>\n\n\n\n<p>Get ready to see Gonza trying to maintain his composure in work situations that range from the sublime to the ridiculous. I don't know if we'll find the answer to the eternal dilemma of success and happiness at work, but I assure you that watching him grapple with tools he clearly doesn't know how to use will help us demystify that affected seriousness of the adult world. In the end, we're all apprentices playing at being professionals in this complicated business we call life.<\/p>","protected":false},"excerpt":{"rendered":"<p>&nbsp;&nbsp;&nbsp;&nbsp;&nbsp;&nbsp;&nbsp; Esta colecci\u00f3n explora c\u00f3mo la etiqueta profesional nos define de cara a la galer\u00eda. En cuanto nos presentan a alguien, la segunda pregunta siempre es \u00ab\u00bfy t\u00fa, a qu\u00e9 te dedicas?\u00bb, como si nuestro valor humano cotizara en bolsa seg\u00fan la respuesta. Gonza, con su habitual iron\u00eda, nos demuestra que detr\u00e1s del traje, del [&hellip;]<\/p>\n","protected":false},"author":1,"featured_media":0,"parent":0,"menu_order":0,"comment_status":"closed","ping_status":"closed","template":"","meta":{"footnotes":""},"class_list":["post-2179","page","type-page","status-publish","hentry"],"_links":{"self":[{"href":"https:\/\/gonzaphotography.com\/en\/wp-json\/wp\/v2\/pages\/2179","targetHints":{"allow":["GET"]}}],"collection":[{"href":"https:\/\/gonzaphotography.com\/en\/wp-json\/wp\/v2\/pages"}],"about":[{"href":"https:\/\/gonzaphotography.com\/en\/wp-json\/wp\/v2\/types\/page"}],"author":[{"embeddable":true,"href":"https:\/\/gonzaphotography.com\/en\/wp-json\/wp\/v2\/users\/1"}],"replies":[{"embeddable":true,"href":"https:\/\/gonzaphotography.com\/en\/wp-json\/wp\/v2\/comments?post=2179"}],"version-history":[{"count":3,"href":"https:\/\/gonzaphotography.com\/en\/wp-json\/wp\/v2\/pages\/2179\/revisions"}],"predecessor-version":[{"id":2200,"href":"https:\/\/gonzaphotography.com\/en\/wp-json\/wp\/v2\/pages\/2179\/revisions\/2200"}],"wp:attachment":[{"href":"https:\/\/gonzaphotography.com\/en\/wp-json\/wp\/v2\/media?parent=2179"}],"curies":[{"name":"wp","href":"https:\/\/api.w.org\/{rel}","templated":true}]}}