{"id":2186,"date":"2026-01-26T19:04:11","date_gmt":"2026-01-26T19:04:11","guid":{"rendered":"https:\/\/gonzaphotography.com\/?page_id=2186"},"modified":"2026-01-26T19:10:53","modified_gmt":"2026-01-26T19:10:53","slug":"contaminacion-tecnologica","status":"publish","type":"page","link":"https:\/\/gonzaphotography.com\/en\/contaminacion-tecnologica\/","title":{"rendered":"TECHNOLOGICAL POLLUTION"},"content":{"rendered":"<p>&nbsp;&nbsp;&nbsp;&nbsp;&nbsp;&nbsp;&nbsp;<\/p>\n\n\n\n<div class=\"wp-block-cover alignwide is-light fondo-collage\"><img loading=\"lazy\" decoding=\"async\" width=\"1584\" height=\"672\" class=\"wp-block-cover__image-background wp-image-2190 size-full\" alt=\"\" src=\"http:\/\/gonzaphotography.com\/wp-content\/uploads\/download.png\" data-object-fit=\"cover\" srcset=\"https:\/\/gonzaphotography.com\/wp-content\/uploads\/download.png 1584w, https:\/\/gonzaphotography.com\/wp-content\/uploads\/download-300x127.png 300w, https:\/\/gonzaphotography.com\/wp-content\/uploads\/download-150x64.png 150w, https:\/\/gonzaphotography.com\/wp-content\/uploads\/download-768x326.png 768w, https:\/\/gonzaphotography.com\/wp-content\/uploads\/download-1536x652.png 1536w, https:\/\/gonzaphotography.com\/wp-content\/uploads\/download-1240x526.png 1240w, https:\/\/gonzaphotography.com\/wp-content\/uploads\/download-508x216.png 508w\" sizes=\"auto, (max-width: 1584px) 100vw, 1584px\" \/><span aria-hidden=\"true\" class=\"wp-block-cover__background has-background-dim-90 has-background-dim\" style=\"background-color:#dde3de\"><\/span><div class=\"wp-block-cover__inner-container is-layout-constrained wp-block-cover-is-layout-constrained\">\n<h2 class=\"wp-block-heading has-text-align-center has-text-color has-link-color wp-elements-83075c1f196a8e8819f69f11141f5bf9\" style=\"color:#282c27\">TECHNOLOGICAL POLLUTION<\/h2>\n\n\n\n<p class=\"has-text-align-left has-text-color has-link-color has-normal-font-size wp-elements-a872d86128cc7b023fe31770afd9fb77\" style=\"color:#3a3f39\">We often think of pollution as a gray cloud billowing from factories or a plastic island in the Pacific, but there is a much more subtle and sticky kind of pollution that doesn't stain our hands, but rather our souls. In this series, Gonza gets tangled\u2014literally and metaphorically\u2014in the web of invisible cables and signals that surround us. We live hyperconnected to a \"cloud\" that, ironically, prevents us from seeing the sky, saturated with information yet hungry for real knowledge. It's the paradox of having the world in our pockets and yet feeling more lost than ever.<\/p>\n\n\n\n<p class=\"has-text-align-left has-text-color has-link-color has-normal-font-size wp-elements-db07185646ba111ec060cbc49642fddf\" style=\"color:#3a3f39\">The impact on our psyche is undeniable: we've traded \"I think, therefore I am\" for \"I share, therefore I am.\" This digital dependency has robbed us of the capacity to be bored, that sacred space where ideas were once born, replacing it with a <em>endless scroll<\/em> that numbs our consciousness. Have we lost our sense of purpose amidst notifications? We seek validation in likes from strangers while ignoring the person sitting right in front of us, turning our relationships into data transactions and our self-esteem into a fluctuating statistic.<\/p>\n<\/div><\/div>\n\n\n\n<figure class=\"wp-block-image alignfull size-full\"><img loading=\"lazy\" decoding=\"async\" width=\"1920\" height=\"1404\" src=\"http:\/\/gonzaphotography.com\/wp-content\/uploads\/Tinder-2025.jpg\" alt=\"\" class=\"wp-image-2187\" srcset=\"https:\/\/gonzaphotography.com\/wp-content\/uploads\/Tinder-2025.jpg 1920w, https:\/\/gonzaphotography.com\/wp-content\/uploads\/Tinder-2025-300x219.jpg 300w, https:\/\/gonzaphotography.com\/wp-content\/uploads\/Tinder-2025-150x110.jpg 150w, https:\/\/gonzaphotography.com\/wp-content\/uploads\/Tinder-2025-768x562.jpg 768w, https:\/\/gonzaphotography.com\/wp-content\/uploads\/Tinder-2025-1536x1123.jpg 1536w, https:\/\/gonzaphotography.com\/wp-content\/uploads\/Tinder-2025-1240x907.jpg 1240w, https:\/\/gonzaphotography.com\/wp-content\/uploads\/Tinder-2025-508x371.jpg 508w\" sizes=\"auto, (max-width: 1920px) 100vw, 1920px\" \/><\/figure>\n\n\n\n<figure class=\"wp-block-image alignfull size-full\"><a href=\"http:\/\/gonzaphotography.com\/wp-content\/uploads\/Analisis-de-regresion-combinado.jpg\" data-lbwps-width=\"1920\" data-lbwps-height=\"1404\" data-lbwps-srcsmall=\"http:\/\/gonzaphotography.com\/wp-content\/uploads\/Analisis-de-regresion-combinado.jpg\"><img loading=\"lazy\" decoding=\"async\" width=\"1920\" height=\"1404\" src=\"http:\/\/gonzaphotography.com\/wp-content\/uploads\/Analisis-de-regresion-combinado.jpg\" alt=\"\" class=\"wp-image-2188\" srcset=\"https:\/\/gonzaphotography.com\/wp-content\/uploads\/Analisis-de-regresion-combinado.jpg 1920w, https:\/\/gonzaphotography.com\/wp-content\/uploads\/Analisis-de-regresion-combinado-300x219.jpg 300w, https:\/\/gonzaphotography.com\/wp-content\/uploads\/Analisis-de-regresion-combinado-150x110.jpg 150w, https:\/\/gonzaphotography.com\/wp-content\/uploads\/Analisis-de-regresion-combinado-768x562.jpg 768w, https:\/\/gonzaphotography.com\/wp-content\/uploads\/Analisis-de-regresion-combinado-1536x1123.jpg 1536w, https:\/\/gonzaphotography.com\/wp-content\/uploads\/Analisis-de-regresion-combinado-1240x907.jpg 1240w, https:\/\/gonzaphotography.com\/wp-content\/uploads\/Analisis-de-regresion-combinado-508x371.jpg 508w\" sizes=\"auto, (max-width: 1920px) 100vw, 1920px\" \/><\/a><\/figure>\n\n\n\n<p>Beyond individual neuroses, technology has opened brutal gaps of inequality. We were sold the democratization of the future, but the reality is that algorithms are not neutral; they are a silent judge that classifies, excludes, and polarizes. While some use technology to enhance their capabilities, others are reduced to mere cogs in the consumer machine, monitored and directed by an artificial intelligence that knows our desires better than we do ourselves. The tool that was supposed to liberate us threatens to turn us into slaves of our own comfort, creating a two-speed society: those who program and those who are programmed.<\/p>\n\n\n\n<p>Let's leave Gonza struggling with that charger that never appears or trying to figure out if he's human or a robot by ticking the boxes at the traffic lights in a <em>captcha<\/em>. My intention isn't for you to throw your phone in the river, but rather to look up from the screen long enough to remember that life happens in high resolution and without filters. If this series manages to make you question who really holds the remote control over your will, we will have hacked the system, even if only for a moment.<\/p>","protected":false},"excerpt":{"rendered":"<p>&nbsp;&nbsp;&nbsp;&nbsp;&nbsp;&nbsp;&nbsp; M\u00e1s all\u00e1 de la neurosis individual, la tecnolog\u00eda ha abierto brechas de desigualdad brutales. Nos vendieron la democratizaci\u00f3n del futuro, pero la realidad es que los algoritmos no son neutrales; es un juez silencioso que clasifica, excluye y polariza. Mientras unos utilizan la tecnolog\u00eda para potenciar sus capacidades, otros son reducidos a meros engranajes [&hellip;]<\/p>\n","protected":false},"author":1,"featured_media":0,"parent":0,"menu_order":0,"comment_status":"closed","ping_status":"closed","template":"","meta":{"footnotes":""},"class_list":["post-2186","page","type-page","status-publish","hentry"],"_links":{"self":[{"href":"https:\/\/gonzaphotography.com\/en\/wp-json\/wp\/v2\/pages\/2186","targetHints":{"allow":["GET"]}}],"collection":[{"href":"https:\/\/gonzaphotography.com\/en\/wp-json\/wp\/v2\/pages"}],"about":[{"href":"https:\/\/gonzaphotography.com\/en\/wp-json\/wp\/v2\/types\/page"}],"author":[{"embeddable":true,"href":"https:\/\/gonzaphotography.com\/en\/wp-json\/wp\/v2\/users\/1"}],"replies":[{"embeddable":true,"href":"https:\/\/gonzaphotography.com\/en\/wp-json\/wp\/v2\/comments?post=2186"}],"version-history":[{"count":5,"href":"https:\/\/gonzaphotography.com\/en\/wp-json\/wp\/v2\/pages\/2186\/revisions"}],"predecessor-version":[{"id":2198,"href":"https:\/\/gonzaphotography.com\/en\/wp-json\/wp\/v2\/pages\/2186\/revisions\/2198"}],"wp:attachment":[{"href":"https:\/\/gonzaphotography.com\/en\/wp-json\/wp\/v2\/media?parent=2186"}],"curies":[{"name":"wp","href":"https:\/\/api.w.org\/{rel}","templated":true}]}}