{"id":2201,"date":"2026-01-26T19:20:28","date_gmt":"2026-01-26T19:20:28","guid":{"rendered":"https:\/\/gonzaphotography.com\/?page_id=2201"},"modified":"2026-04-08T09:13:12","modified_gmt":"2026-04-08T09:13:12","slug":"el-desvan","status":"publish","type":"page","link":"https:\/\/gonzaphotography.com\/en\/el-desvan\/","title":{"rendered":"THE ATTIC"},"content":{"rendered":"\n<div class=\"wp-block-cover alignwide is-light fondo-collage\"><img loading=\"lazy\" decoding=\"async\" width=\"2560\" height=\"1086\" class=\"wp-block-cover__image-background wp-image-1519 size-full\" alt=\"\" src=\"http:\/\/gonzaphotography.es\/wp-content\/uploads\/Fondo-transparente-scaled.png\" data-object-fit=\"cover\" srcset=\"https:\/\/gonzaphotography.com\/wp-content\/uploads\/Fondo-transparente-scaled.png 2560w, https:\/\/gonzaphotography.com\/wp-content\/uploads\/Fondo-transparente-300x127.png 300w, https:\/\/gonzaphotography.com\/wp-content\/uploads\/Fondo-transparente-150x64.png 150w, https:\/\/gonzaphotography.com\/wp-content\/uploads\/Fondo-transparente-768x326.png 768w, https:\/\/gonzaphotography.com\/wp-content\/uploads\/Fondo-transparente-1536x652.png 1536w, https:\/\/gonzaphotography.com\/wp-content\/uploads\/Fondo-transparente-2048x869.png 2048w, https:\/\/gonzaphotography.com\/wp-content\/uploads\/Fondo-transparente-1240x526.png 1240w, https:\/\/gonzaphotography.com\/wp-content\/uploads\/Fondo-transparente-508x216.png 508w\" sizes=\"auto, (max-width: 2560px) 100vw, 2560px\" \/><span aria-hidden=\"true\" class=\"wp-block-cover__background has-white-background-color has-background-dim-0 has-background-dim\"><\/span><div class=\"wp-block-cover__inner-container is-layout-constrained wp-block-cover-is-layout-constrained\">\n<div class=\"wp-block-columns alignwide Columnas_Caratula_Serie is-layout-flex wp-container-core-columns-is-layout-9d6595d7 wp-block-columns-is-layout-flex\">\n<div class=\"wp-block-column is-layout-flow wp-block-column-is-layout-flow\" style=\"flex-basis:60%\">\n<figure class=\"wp-block-image size-full\"><a href=\"http:\/\/gonzaphotography.com\/wp-content\/uploads\/El-desvan-1.jpg\" data-lbwps-width=\"1920\" data-lbwps-height=\"1404\" data-lbwps-srcsmall=\"http:\/\/gonzaphotography.com\/wp-content\/uploads\/El-desvan-1.jpg\"><img loading=\"lazy\" decoding=\"async\" width=\"1920\" height=\"1404\" src=\"http:\/\/gonzaphotography.com\/wp-content\/uploads\/El-desvan-1.jpg\" alt=\"\" class=\"wp-image-2147\" srcset=\"https:\/\/gonzaphotography.com\/wp-content\/uploads\/El-desvan-1.jpg 1920w, https:\/\/gonzaphotography.com\/wp-content\/uploads\/El-desvan-1-300x219.jpg 300w, https:\/\/gonzaphotography.com\/wp-content\/uploads\/El-desvan-1-150x110.jpg 150w, https:\/\/gonzaphotography.com\/wp-content\/uploads\/El-desvan-1-768x562.jpg 768w, https:\/\/gonzaphotography.com\/wp-content\/uploads\/El-desvan-1-1536x1123.jpg 1536w, https:\/\/gonzaphotography.com\/wp-content\/uploads\/El-desvan-1-1240x907.jpg 1240w, https:\/\/gonzaphotography.com\/wp-content\/uploads\/El-desvan-1-508x371.jpg 508w\" sizes=\"auto, (max-width: 1920px) 100vw, 1920px\" \/><\/a><\/figure>\n<\/div>\n\n\n\n<div class=\"wp-block-column is-vertically-aligned-center is-layout-flow wp-block-column-is-layout-flow\" style=\"flex-basis:40%\">\n<h2 class=\"wp-block-heading has-text-align-center\">EL DESV\u00c1N<\/h2>\n\n\n\n<p class=\"has-text-align-center\">A\u00f1o 2020<\/p>\n\n\n\n<p>&nbsp;&nbsp;&nbsp;&nbsp;&nbsp;<\/p>\n\n\n\n<p class=\"has-text-align-center\"><strong>EDICIONES LIMITADAS<\/strong><\/p>\n\n\n\n<p class=\"has-text-align-center .texto-espaciado\">100 Unidades 43 x 33 cm<\/p>\n\n\n\n<p>&nbsp;&nbsp;&nbsp;&nbsp;&nbsp;<\/p>\n\n\n\n<p class=\"has-text-align-center\"><strong>125\u20ac IVA y env\u00edo incluido*<\/strong><\/p>\n\n\n\n<div style=\"text-align: center; margin: 40px 0;\">\n    <a href=\"\/finalizar-compra\/?add-to-cart=2478\" style=\"\n        text-decoration: none !important;\n        font-family: 'Montserrat', sans-serif !important;\n        color: #ffffff !important;\n        background: #282C27 !important; \n        border: 1.5px solid #282C27 !important; \n        padding: 16px 45px !important;\n        font-size: 15px !important;\n        letter-spacing: 2.5px !important; \n        text-transform: uppercase !important;\n        font-weight: 700 !important;\n        cursor: pointer !important;\n        transition: all 0.3s ease !important;\n        display: inline-block !important;\n    \">Adquirir pieza<\/a>\n<\/div>\n\n<style>\n    \/* Efecto de inversi\u00f3n para feedback visual *\/\n    a[href*=\"add-to-cart\"]:hover {\n        background-color: transparent !important;\n        color: #282C27 !important;\n    }\n<\/style>\n<\/div>\n<\/div>\n<\/div><\/div>\n\n\n\n<p class=\"textos-filosoficos\">Ah\u00ed arriba, donde el polvo y el silencio libran su propia batalla por la posteridad, Gonza parece haber encontrado un descanso demasiado permanente. El desv\u00e1n, ese cementerio de lo obsoleto, es el refugio final para todo lo que ha perdido su brillo o su funci\u00f3n inmediata. Es curioso ver c\u00f3mo, a veces, tratamos a la experiencia con el mismo desd\u00e9n con el que envolvemos una l\u00e1mpara vieja en una s\u00e1bana para que no se raye el suelo.<\/p>\n\n\n\n<p class=\"textos-filosoficos\">Quien mira r\u00e1pido ve un fantasma; quien observa, encuentra un bast\u00f3n. El misterio no es qui\u00e9n est\u00e1 bajo la s\u00e1bana, sino todas las preguntas que te genera despu\u00e9s; \u00bfC\u00f3mo debe ser ese \u00faltimo tramo de nuestra vida para considerarse digno? Ese \u2018abuelo Gonza\u2019, \u00bfmerec\u00eda estar rodeado de los suyos o fue una mala persona que se gan\u00f3 que lo aparcaran? \u00bfO tal vez fue \u00e9l mismo quien subi\u00f3 al desv\u00e1n para abandonarse? En esta sociedad obsesionada con el futuro, la memoria se convierte en ese mueble pesado que estorba en la mudanza.<\/p>\n\n\n\n<p class=\"textos-filosoficos\">Ojal\u00e1 que la luz que se filtra por la ventana no sirva solo para ver c\u00f3mo bailan las motas de polvo en el aire, sino para iluminar el rinc\u00f3n de nuestra propia fragilidad. Mientras Gonza aguarda pacientemente su turno bajo el sudario del anonimato, nos queda la duda de si, al esconder lo que nos precede, no estamos tapiando, pelda\u00f1o a pelda\u00f1o, la puerta que da sentido a nuestro propio presente.<\/p>\n\n\n\n<p class=\"has-text-align-center\">&nbsp;&nbsp;&nbsp;&nbsp;<\/p>\n\n\n\n<p class=\"has-text-align-center\"><\/p>\n\n\n\n<details class=\"wp-block-details .seccion-tecnica is-layout-flow wp-block-details-is-layout-flow\"><summary>INFORMACI\u00d3N T\u00c9CNICA Y COMPROMISO DE EDICI\u00d3N<\/summary>\n<p class=\"seccion-tecnica\">&nbsp;&nbsp;&nbsp;&nbsp;&nbsp;&nbsp;&nbsp;&nbsp;<\/p>\n\n\n\n<p class=\"seccion-tecnica\">Si has decidido adquirir una unidad de <em>El desv\u00e1n<\/em>, has hecho una excelente elecci\u00f3n. No est\u00e1s invirtiendo en una fotograf\u00eda m\u00e1s: <strong>no vendo l\u00e1minas de cat\u00e1logo<\/strong>. Mientras una gran superficie imprime 100.000 copias de una imagen vac\u00eda para cualquier sala de espera, yo limito este ensayo a unos pocos interlocutores. Es la diferencia entre decorar una pared y dotarla de una identidad que solo peque\u00f1o grupo de personas comparten.<br><br><strong>\u00bfPor qu\u00e9 una edici\u00f3n tan peque\u00f1a?<\/strong><\/p>\n\n\n\n<ul class=\"wp-block-list seccion-tecnica\">\n<li class=\"seccion-tecnica\"><strong>Garant\u00eda de Taller:<\/strong> Limitar la serie me permite certificar personalmente que cada fibra de algod\u00f3n y cada gota de tinta est\u00e1n exactamente donde deben estar.<\/li>\n\n\n\n<li class=\"seccion-tecnica\"><strong>Finitud:<\/strong> Al igual que una conversaci\u00f3n honesta no puede tener mil participantes a la vez sin perderse, estas piezas est\u00e1n limitadas para que el di\u00e1logo entre el papel y quien lo mira sea \u00edntimo. No queremos banalizar ideas que han llevado a\u00f1os de estudio como si fueran un producto de merchandising.<\/li>\n<\/ul>\n\n\n\n<p class=\"seccion-tecnica\"><strong>Est\u00e1ndar de exhibici\u00f3n<\/strong><\/p>\n\n\n\n<ul class=\"wp-block-list seccion-tecnica\">\n<li><strong>Papel:<\/strong> Solo utilizo los mejores papeles <strong>fotogr\u00e1ficos de exposici\u00f3n<\/strong>: Canson Baryta 310 g\/m\u00b2 y similares.<\/li>\n\n\n\n<li><strong>Autenticidad:<\/strong> Cada obra incluye <strong>certificado de autenticidad<\/strong> firmado a mano y un sistema de <strong>doble holograma void<\/strong> para garantizar la integridad de la copia.<\/li>\n<\/ul>\n\n\n\n<p><strong>Nota de archivo: <\/strong>Aparte de las 100 ediciones limitadas, hay 2 AP y 3 copias gran formato edici\u00f3n museo (proceso Gicl\u00e9e).<\/p>\n\n\n\n<p class=\"seccion-tecnica\"><strong>Nota de impresor<\/strong>: Aplico m\u00e1rgenes cl\u00e1sicos de museo (10% laterales\/superior y 20% inferior). La obra va firmada en el margen derecho, pero si prefieres que vaya firmada por detr\u00e1s o que no aparezca la firma, puedo ajustarlo: <strong>lo que importa es la idea.<\/strong><\/p>\n\n\n\n<p class=\"seccion-tecnica\"><strong>El env\u00edo<\/strong>: Soy deliberadamente exagerado en la protecci\u00f3n, personalmente me duele mucho que una pieza llegue deteriorada. Dentro del pack encontrar\u00e1s la obra envuelta en papel de seda libre de \u00e1cido, el certificado, una gu\u00eda de cuidados, guantes de algod\u00f3n y alguna otra sorpresa. Adem\u00e1s utilizo madera y cart\u00f3n reciclados con el m\u00ednimo pl\u00e1stico posible para que el embalaje sea amable con el medio ambiente.<\/p>\n\n\n\n<p>* Env\u00edo incluido en pen\u00ednsula y baleares. Otras zonas, se calcula autom\u00e1ticamente antes del pago.<\/p>\n\n\n\n<div style=\"text-align: center; margin: 40px 0;\">\n    <a href=\"\/finalizar-compra\/?add-to-cart=2478\" style=\"\n        text-decoration: none !important;\n        font-family: 'Montserrat', sans-serif !important;\n        color: #ffffff !important;\n        background: #282C27 !important; \n        border: 1.5px solid #282C27 !important; \n        padding: 16px 45px !important;\n        font-size: 15px !important;\n        letter-spacing: 2.5px !important; \n        text-transform: uppercase !important;\n        font-weight: 700 !important;\n        cursor: pointer !important;\n        transition: all 0.3s ease !important;\n        display: inline-block !important;\n    \">Adquirir pieza<\/a>\n<\/div>\n\n<style>\n    \/* Efecto de inversi\u00f3n para feedback visual *\/\n    a[href*=\"add-to-cart\"]:hover {\n        background-color: transparent !important;\n        color: #282C27 !important;\n    }\n<\/style>\n<\/details>\n\n\n\n<p>&nbsp;&nbsp;&nbsp;&nbsp;&nbsp;&nbsp;&nbsp;<\/p>\n\n\n\n<p>&nbsp;&nbsp;&nbsp;&nbsp;&nbsp;&nbsp;&nbsp;<\/p>\n\n\n\n<p class=\"has-text-align-center textos-filosoficos\">\u2190 <a href=\"https:\/\/gonzaphotography.com\/la-hipoteca\/\" data-type=\"page\" data-id=\"2103\">ANTERIOR<\/a> &nbsp;&nbsp;&nbsp;\u00b7 &nbsp;&nbsp;&nbsp;<a href=\"https:\/\/gonzaphotography.com\/\" data-type=\"page\" data-id=\"504\">SERIES<\/a> &nbsp;&nbsp;&nbsp;\u00b7 &nbsp;&nbsp;&nbsp;<a href=\"https:\/\/gonzaphotography.com\/los-hombres-tambien-limpian\/\" data-type=\"page\" data-id=\"1785\">SIGUIENTE<\/a> \u2192<\/p>\n\n\n\n<p><\/p>\n","protected":false},"excerpt":{"rendered":"<p>Ah\u00ed arriba, donde el polvo y el silencio libran su propia batalla por la posteridad, Gonza parece haber encontrado un descanso demasiado permanente. El desv\u00e1n, ese cementerio de lo obsoleto, es el refugio final para todo lo que ha perdido su brillo o su funci\u00f3n inmediata. Es curioso ver c\u00f3mo, a veces, tratamos a la [&hellip;]<\/p>\n","protected":false},"author":1,"featured_media":0,"parent":0,"menu_order":0,"comment_status":"closed","ping_status":"closed","template":"","meta":{"footnotes":""},"class_list":["post-2201","page","type-page","status-publish","hentry"],"_links":{"self":[{"href":"https:\/\/gonzaphotography.com\/en\/wp-json\/wp\/v2\/pages\/2201","targetHints":{"allow":["GET"]}}],"collection":[{"href":"https:\/\/gonzaphotography.com\/en\/wp-json\/wp\/v2\/pages"}],"about":[{"href":"https:\/\/gonzaphotography.com\/en\/wp-json\/wp\/v2\/types\/page"}],"author":[{"embeddable":true,"href":"https:\/\/gonzaphotography.com\/en\/wp-json\/wp\/v2\/users\/1"}],"replies":[{"embeddable":true,"href":"https:\/\/gonzaphotography.com\/en\/wp-json\/wp\/v2\/comments?post=2201"}],"version-history":[{"count":9,"href":"https:\/\/gonzaphotography.com\/en\/wp-json\/wp\/v2\/pages\/2201\/revisions"}],"predecessor-version":[{"id":2514,"href":"https:\/\/gonzaphotography.com\/en\/wp-json\/wp\/v2\/pages\/2201\/revisions\/2514"}],"wp:attachment":[{"href":"https:\/\/gonzaphotography.com\/en\/wp-json\/wp\/v2\/media?parent=2201"}],"curies":[{"name":"wp","href":"https:\/\/api.w.org\/{rel}","templated":true}]}}