{"id":504,"date":"2017-10-05T08:24:06","date_gmt":"2017-10-05T08:24:06","guid":{"rendered":"http:\/\/gonzaphotography.es\/?page_id=504"},"modified":"2026-02-06T07:20:06","modified_gmt":"2026-02-06T07:20:06","slug":"prueba-tema-ancho","status":"publish","type":"page","link":"https:\/\/gonzaphotography.com\/en\/","title":{"rendered":"WORK"},"content":{"rendered":"<div id=\"hero-hacha-container\"><div class=\"hacha-visual\" style=\"background-image: url(http:\/\/gonzaphotography.com\/wp-content\/uploads\/Crowdfunding.jpg);\"><\/div><\/div>\n\n\n\n<h2 class=\"wp-block-heading has-text-align-center has-text-color has-link-color wp-elements-78cdbd7fd5c9ad1b9243d6253c146a50\" style=\"color:#282c27\">SERIES: A MOVING ESSAY<\/h2>\n\n\n\n<p class=\"has-text-align-left textos-filosoficos\">      Presenting the work in series is not an aesthetic choice, but a necessity for depth. Some ideas only emerge after profound mental weariness with the same subject; that endless revisiting of the same idea until something subtle sprouts. A metaphor, an irony, a satire, or simply a poetic visual idea that deserves that thoughtful reflection. <\/p>\n\n\n\n<blockquote class=\"wp-block-quote is-layout-flow wp-block-quote-is-layout-flow\">\n<p class=\"has-text-align-center has-larger-font-size\">It is, in short, that... <em>\u00absucking the marrow out of life\u00bb <\/em>that Professor John Keating called for.<\/p>\n<\/blockquote>\n\n\n\n<p class=\"has-text-align-left textos-filosoficos\">These series aren't self-contained compartments, but rather living, open processes that grow spontaneously, usually in groups of four or five pieces. I'm not aiming for a perfect chronology, but rather an organic evolution of doubt. Creativity needs time, and time is precisely what these series need: they develop gradually throughout this visual essay that will last my entire life. I hope it will be a long essay, but if something were to happen to me tomorrow, please, someone continue this!<\/p>\n\n\n\n<p class=\"has-text-align-left textos-filosoficos\">Every series has common threads that connect the pieces. In this collection, the main thread is the message: the <em>storytelling<\/em> and the story contained in each image, relating it to its neighbor. The secondary thread focuses on the figure of Gonza. Let's not get confused: Gonza is not me, Gonzalo. My life is much more boring and predictable than his. Gonza is the inhabitant of these images, a character who allows himself to live on that border between the everyday and the absurd, and who serves as a vehicle for us to think together. In the end, these series are a record of his travels and our shared questions.<\/p>\n\n\n\n<div class=\"wp-block-cover alignfull\"><img loading=\"lazy\" decoding=\"async\" width=\"2000\" height=\"857\" class=\"wp-block-cover__image-background wp-image-1452 size-full\" alt=\"\" src=\"http:\/\/gonzaphotography.com\/wp-content\/uploads\/Antitopia-Indice-Series.jpg\" data-object-fit=\"cover\" srcset=\"https:\/\/gonzaphotography.com\/wp-content\/uploads\/Antitopia-Indice-Series.jpg 2000w, https:\/\/gonzaphotography.com\/wp-content\/uploads\/Antitopia-Indice-Series-300x129.jpg 300w, https:\/\/gonzaphotography.com\/wp-content\/uploads\/Antitopia-Indice-Series-150x64.jpg 150w, https:\/\/gonzaphotography.com\/wp-content\/uploads\/Antitopia-Indice-Series-768x329.jpg 768w, https:\/\/gonzaphotography.com\/wp-content\/uploads\/Antitopia-Indice-Series-1536x658.jpg 1536w, https:\/\/gonzaphotography.com\/wp-content\/uploads\/Antitopia-Indice-Series-1240x531.jpg 1240w, https:\/\/gonzaphotography.com\/wp-content\/uploads\/Antitopia-Indice-Series-508x218.jpg 508w\" sizes=\"auto, (max-width: 2000px) 100vw, 2000px\" \/><span aria-hidden=\"true\" class=\"wp-block-cover__background has-background-dim\" style=\"background-color:#5f5046\"><\/span><div class=\"wp-block-cover__inner-container is-layout-flow wp-block-cover-is-layout-flow\">\n<h2 class=\"wp-block-heading has-text-align-center titulos-caratulas\">ANTITOPIA<\/h2>\n\n\n\n<div class=\"wp-block-buttons enlace-invisible-total is-content-justification-center is-layout-flex wp-container-core-buttons-is-layout-16018d1d wp-block-buttons-is-layout-flex\">\n<div class=\"wp-block-button\"><a class=\"wp-block-button__link wp-element-button\" href=\"https:\/\/gonzaphotography.com\/en\/antitopia\/\">&nbsp;&nbsp;&nbsp;<\/a><\/div>\n<\/div>\n<\/div><\/div>\n\n\n\n<div class=\"wp-block-cover alignfull\"><img loading=\"lazy\" decoding=\"async\" width=\"1920\" height=\"1288\" class=\"wp-block-cover__image-background wp-image-2160 size-full\" alt=\"\" src=\"http:\/\/gonzaphotography.com\/wp-content\/uploads\/Portada-Vocaciones.jpg\" data-object-fit=\"cover\" srcset=\"https:\/\/gonzaphotography.com\/wp-content\/uploads\/Portada-Vocaciones.jpg 1920w, https:\/\/gonzaphotography.com\/wp-content\/uploads\/Portada-Vocaciones-300x201.jpg 300w, https:\/\/gonzaphotography.com\/wp-content\/uploads\/Portada-Vocaciones-150x101.jpg 150w, https:\/\/gonzaphotography.com\/wp-content\/uploads\/Portada-Vocaciones-768x515.jpg 768w, https:\/\/gonzaphotography.com\/wp-content\/uploads\/Portada-Vocaciones-1536x1030.jpg 1536w, https:\/\/gonzaphotography.com\/wp-content\/uploads\/Portada-Vocaciones-1240x832.jpg 1240w, https:\/\/gonzaphotography.com\/wp-content\/uploads\/Portada-Vocaciones-508x341.jpg 508w\" sizes=\"auto, (max-width: 1920px) 100vw, 1920px\" \/><span aria-hidden=\"true\" class=\"wp-block-cover__background has-background-dim\" style=\"background-color:#444139\"><\/span><div class=\"wp-block-cover__inner-container is-layout-flow wp-block-cover-is-layout-flow\">\n<h2 class=\"wp-block-heading has-text-align-center titulos-caratulas\">VOCATIONS<\/h2>\n\n\n\n<div class=\"wp-block-buttons enlace-invisible-total is-content-justification-center is-layout-flex wp-container-core-buttons-is-layout-16018d1d wp-block-buttons-is-layout-flex\">\n<div class=\"wp-block-button\"><a class=\"wp-block-button__link wp-element-button\" href=\"https:\/\/gonzaphotography.com\/en\/vocaciones\/\">&nbsp;&nbsp;&nbsp;<\/a><\/div>\n<\/div>\n<\/div><\/div>\n\n\n\n<div class=\"wp-block-cover alignfull\"><img loading=\"lazy\" decoding=\"async\" width=\"1920\" height=\"1288\" class=\"wp-block-cover__image-background wp-image-2161 size-full\" alt=\"\" src=\"http:\/\/gonzaphotography.com\/wp-content\/uploads\/Portada-La-fuerza-del-amor.jpg\" data-object-fit=\"cover\" srcset=\"https:\/\/gonzaphotography.com\/wp-content\/uploads\/Portada-La-fuerza-del-amor.jpg 1920w, https:\/\/gonzaphotography.com\/wp-content\/uploads\/Portada-La-fuerza-del-amor-300x201.jpg 300w, https:\/\/gonzaphotography.com\/wp-content\/uploads\/Portada-La-fuerza-del-amor-150x101.jpg 150w, https:\/\/gonzaphotography.com\/wp-content\/uploads\/Portada-La-fuerza-del-amor-768x515.jpg 768w, https:\/\/gonzaphotography.com\/wp-content\/uploads\/Portada-La-fuerza-del-amor-1536x1030.jpg 1536w, https:\/\/gonzaphotography.com\/wp-content\/uploads\/Portada-La-fuerza-del-amor-1240x832.jpg 1240w, https:\/\/gonzaphotography.com\/wp-content\/uploads\/Portada-La-fuerza-del-amor-508x341.jpg 508w\" sizes=\"auto, (max-width: 1920px) 100vw, 1920px\" \/><span aria-hidden=\"true\" class=\"wp-block-cover__background has-background-dim\" style=\"background-color:#3d424c\"><\/span><div class=\"wp-block-cover__inner-container is-layout-flow wp-block-cover-is-layout-flow\">\n<h2 class=\"wp-block-heading has-text-align-center titulos-caratulas\">THE POWER OF LOVE<\/h2>\n\n\n\n<div class=\"wp-block-buttons enlace-invisible-total is-content-justification-center is-layout-flex wp-container-core-buttons-is-layout-16018d1d wp-block-buttons-is-layout-flex\">\n<div class=\"wp-block-button\"><a class=\"wp-block-button__link wp-element-button\" href=\"https:\/\/gonzaphotography.com\/en\/la-fuerza-del-amor\/\">&nbsp;&nbsp;&nbsp;<\/a><\/div>\n<\/div>\n<\/div><\/div>\n\n\n\n<div class=\"wp-block-cover alignfull\"><img loading=\"lazy\" decoding=\"async\" width=\"1920\" height=\"1280\" class=\"wp-block-cover__image-background wp-image-2162 size-full\" alt=\"\" src=\"http:\/\/gonzaphotography.com\/wp-content\/uploads\/Portada-Contaminacion-tecnologica.jpg\" data-object-fit=\"cover\" srcset=\"https:\/\/gonzaphotography.com\/wp-content\/uploads\/Portada-Contaminacion-tecnologica.jpg 1920w, https:\/\/gonzaphotography.com\/wp-content\/uploads\/Portada-Contaminacion-tecnologica-300x200.jpg 300w, https:\/\/gonzaphotography.com\/wp-content\/uploads\/Portada-Contaminacion-tecnologica-150x100.jpg 150w, https:\/\/gonzaphotography.com\/wp-content\/uploads\/Portada-Contaminacion-tecnologica-768x512.jpg 768w, https:\/\/gonzaphotography.com\/wp-content\/uploads\/Portada-Contaminacion-tecnologica-1536x1024.jpg 1536w, https:\/\/gonzaphotography.com\/wp-content\/uploads\/Portada-Contaminacion-tecnologica-1240x827.jpg 1240w, https:\/\/gonzaphotography.com\/wp-content\/uploads\/Portada-Contaminacion-tecnologica-508x339.jpg 508w\" sizes=\"auto, (max-width: 1920px) 100vw, 1920px\" \/><span aria-hidden=\"true\" class=\"wp-block-cover__background has-background-dim\" style=\"background-color:#5f5467\"><\/span><div class=\"wp-block-cover__inner-container is-layout-flow wp-block-cover-is-layout-flow\">\n<h2 class=\"wp-block-heading has-text-align-center titulos-caratulas\">TECHNOLOGICAL POLLUTION<\/h2>\n\n\n\n<div class=\"wp-block-buttons enlace-invisible-total is-content-justification-center is-layout-flex wp-container-core-buttons-is-layout-16018d1d wp-block-buttons-is-layout-flex\">\n<div class=\"wp-block-button\"><a class=\"wp-block-button__link wp-element-button\" href=\"https:\/\/gonzaphotography.com\/en\/contaminacion-tecnologica\/\">&nbsp;&nbsp;&nbsp;<\/a><\/div>\n<\/div>\n<\/div><\/div>\n\n\n\n<div class=\"wp-block-cover alignfull is-light\"><img loading=\"lazy\" decoding=\"async\" width=\"1678\" height=\"719\" class=\"wp-block-cover__image-background wp-image-1461 size-full\" alt=\"\" src=\"http:\/\/gonzaphotography.com\/wp-content\/uploads\/Mientras-dormias-Fondo-indice.jpg\" data-object-fit=\"cover\" srcset=\"https:\/\/gonzaphotography.com\/wp-content\/uploads\/Mientras-dormias-Fondo-indice.jpg 1678w, https:\/\/gonzaphotography.com\/wp-content\/uploads\/Mientras-dormias-Fondo-indice-300x129.jpg 300w, https:\/\/gonzaphotography.com\/wp-content\/uploads\/Mientras-dormias-Fondo-indice-150x64.jpg 150w, https:\/\/gonzaphotography.com\/wp-content\/uploads\/Mientras-dormias-Fondo-indice-768x329.jpg 768w, https:\/\/gonzaphotography.com\/wp-content\/uploads\/Mientras-dormias-Fondo-indice-1536x658.jpg 1536w, https:\/\/gonzaphotography.com\/wp-content\/uploads\/Mientras-dormias-Fondo-indice-1240x531.jpg 1240w, https:\/\/gonzaphotography.com\/wp-content\/uploads\/Mientras-dormias-Fondo-indice-508x218.jpg 508w\" sizes=\"auto, (max-width: 1678px) 100vw, 1678px\" \/><span aria-hidden=\"true\" class=\"wp-block-cover__background has-background-dim\" style=\"background-color:#9797aa\"><\/span><div class=\"wp-block-cover__inner-container is-layout-flow wp-block-cover-is-layout-flow\">\n<h2 class=\"wp-block-heading alignfull has-text-align-center titulos-caratulas has-larger-font-size\">WHILE YOU WERE SLEEPING<\/h2>\n\n\n\n<div class=\"wp-block-buttons enlace-invisible-total is-content-justification-center is-layout-flex wp-container-core-buttons-is-layout-16018d1d wp-block-buttons-is-layout-flex\">\n<div class=\"wp-block-button\"><a class=\"wp-block-button__link wp-element-button\" href=\"https:\/\/gonzaphotography.com\/en\/mientras-dormias\/\" rel=\"\">&nbsp;&nbsp;&nbsp;<\/a><\/div>\n<\/div>\n<\/div><\/div>","protected":false},"excerpt":{"rendered":"<p>SERIES: UN ENSAYO EN MOVIMIENTO Presentar el trabajo por series no es una decisi\u00f3n est\u00e9tica, sino una necesidad de profundidad. Hay ideas que solo surgen despu\u00e9s de un profundo cansineo mental sobre el mismo tema; ese dar vueltas y vueltas a lo mismo hasta que brota algo sutil. Una met\u00e1fora, una iron\u00eda, una s\u00e1tira o [&hellip;]<\/p>\n","protected":false},"author":1,"featured_media":0,"parent":0,"menu_order":0,"comment_status":"closed","ping_status":"closed","template":"","meta":{"footnotes":""},"class_list":["post-504","page","type-page","status-publish","hentry"],"_links":{"self":[{"href":"https:\/\/gonzaphotography.com\/en\/wp-json\/wp\/v2\/pages\/504","targetHints":{"allow":["GET"]}}],"collection":[{"href":"https:\/\/gonzaphotography.com\/en\/wp-json\/wp\/v2\/pages"}],"about":[{"href":"https:\/\/gonzaphotography.com\/en\/wp-json\/wp\/v2\/types\/page"}],"author":[{"embeddable":true,"href":"https:\/\/gonzaphotography.com\/en\/wp-json\/wp\/v2\/users\/1"}],"replies":[{"embeddable":true,"href":"https:\/\/gonzaphotography.com\/en\/wp-json\/wp\/v2\/comments?post=504"}],"version-history":[{"count":147,"href":"https:\/\/gonzaphotography.com\/en\/wp-json\/wp\/v2\/pages\/504\/revisions"}],"predecessor-version":[{"id":2326,"href":"https:\/\/gonzaphotography.com\/en\/wp-json\/wp\/v2\/pages\/504\/revisions\/2326"}],"wp:attachment":[{"href":"https:\/\/gonzaphotography.com\/en\/wp-json\/wp\/v2\/media?parent=504"}],"curies":[{"name":"wp","href":"https:\/\/api.w.org\/{rel}","templated":true}]}}